{"id":1859,"date":"2018-11-14T16:23:06","date_gmt":"2018-11-14T16:23:06","guid":{"rendered":"https:\/\/www.elogroup.us\/newsite\/?page_id=1859"},"modified":"2019-02-06T19:08:33","modified_gmt":"2019-02-06T19:08:33","slug":"planejamento-viagem-eua","status":"publish","type":"page","link":"https:\/\/www.elogroup.us\/newsite\/planejamento-viagem-eua\/","title":{"rendered":"Planejamento de viagem EUA"},"content":{"rendered":"<div class=\"wpb-content-wrapper\"><p>[vc_row][vc_column width=&#8221;1\/2&#8243; css=&#8221;.vc_custom_1541602651746{padding-top: 40px !important;}&#8221;]\n        <div class=\"twt-wrap \">\n            <h1 style=\"color:#242424;font-size: 36px\">Planejamento de Viagem para os EUA<\/h1>\n            O planejamento de uma viagem para os EUA n\u00e3o \u00e9 f\u00e1cil. \u00c1lias planejar uma viagem internacional, n\u00e3o importa se \u00e9 para o EUA ou qualquer outra lugar, n\u00e3o \u00e9 nada simples.<\/p>\n<p>Oferecemos uma planilha otimizada que ir\u00e1 te ajudar a planejar e fazer simula\u00e7\u00f5es de como seriam seus gastos.<\/p>\n<p>Com isso, al\u00e9m de obter uma organiza\u00e7\u00e3o completa de todas as etapas da viagem, voc\u00ea ir\u00e1 economizar. A planiha pode e deve ser adaptada para sua realidade. Como a planilha de planejamento de viagem voc\u00ea ter\u00e1:<\/p>\n<ul>\n<li><strong>Controle total dos custos da sua viagem para os EUA<\/strong> e evitar surpresas com a fatura do cart\u00e3o de cr\u00e9dito!<\/li>\n<li><strong>Manter toda a fam\u00edlia informada<\/strong> sobre a programa\u00e7\u00e3o da viagem.<\/li>\n<li><strong>Um roteiro de viagem totalmente organizado<\/strong>, sabendo n\u00fameros importantes, endere\u00e7os dos hot\u00e9is e atividades, al\u00e9m de todos os gastos previstos.<\/li>\n<\/ul>\n<p>\n        <\/div>\n    [\/vc_column][vc_column width=&#8221;1\/2&#8243;][vc_empty_space height=&#8221;52px&#8221;][vc_empty_space height=&#8221;52px&#8221;][vc_empty_space height=&#8221;52px&#8221;][vc_single_image image=&#8221;1867&#8243; img_size=&#8221;840&#215;480&#8243; alignment=&#8221;center&#8221; onclick=&#8221;zoom&#8221;][\/vc_column][\/vc_row][vc_row][vc_column][vc_raw_html]JTNDaWZyYW1lJTIwZnJhbWVib3JkZXIlM0QlMjIwJTIyJTIwc3R5bGUlM0QlMjJoZWlnaHQlM0E1MDBweCUzQndpZHRoJTNBOTklMjUlM0Jib3JkZXIlM0Fub25lJTNCJTIyJTIwc3JjJTNEJTI3aHR0cHMlM0ElMkYlMkZmb3Jtcy56b2hvcHVibGljLmNvbSUyRmVsb2dyb3VwJTJGZm9ybSUyRlBsYW5pbGhhUGxhbmVqYW1lbnRvZGVWaWFnZW5zJTJGZm9ybXBlcm1hJTJGMkNiYzVIZDdpRGhXRGFsUW8tWWJtVllYYjhiMUZzY21ZbC0zeUNiWmlrOCUyNyUzRSUzQyUyRmlmcmFtZSUzRQ==[\/vc_raw_html][\/vc_column][\/vc_row][vc_row][vc_column][\/vc_column][\/vc_row]<\/p>\n<\/div>","protected":false},"excerpt":{"rendered":"<p>[vc_row][vc_column width=&#8221;1\/2&#8243; css=&#8221;.vc_custom_1541602651746{padding-top: 40px !important;}&#8221;][\/vc_column][vc_column width=&#8221;1\/2&#8243;][vc_empty_space height=&#8221;52px&#8221;][vc_empty_space height=&#8221;52px&#8221;][vc_empty_space height=&#8221;52px&#8221;][vc_single_image image=&#8221;1867&#8243; img_size=&#8221;840&#215;480&#8243; alignment=&#8221;center&#8221; onclick=&#8221;zoom&#8221;][\/vc_column][\/vc_row][vc_row][vc_column][vc_raw_html]JTNDaWZyYW1lJTIwZnJhbWVib3JkZXIlM0QlMjIwJTIyJTIwc3R5bGUlM0QlMjJoZWlnaHQlM0E1MDBweCUzQndpZHRoJTNBOTklMjUlM0Jib3JkZXIlM0Fub25lJTNCJTIyJTIwc3JjJTNEJTI3aHR0cHMlM0ElMkYlMkZmb3Jtcy56b2hvcHVibGljLmNvbSUyRmVsb2dyb3VwJTJGZm9ybSUyRlBsYW5pbGhhUGxhbmVqYW1lbnRvZGVWaWFnZW5zJTJGZm9ybXBlcm1hJTJGMkNiYzVIZDdpRGhXRGFsUW8tWWJtVllYYjhiMUZzY21ZbC0zeUNiWmlrOCUyNyUzRSUzQyUyRmlmcmFtZSUzRQ==[\/vc_raw_html][\/vc_column][\/vc_row][vc_row][vc_column][\/vc_column][\/vc_row]<\/p>\n","protected":false},"author":1,"featured_media":0,"parent":0,"menu_order":0,"comment_status":"closed","ping_status":"closed","template":"","meta":{"footnotes":""},"amp_enabled":true,"_links":{"self":[{"href":"https:\/\/www.elogroup.us\/newsite\/wp-json\/wp\/v2\/pages\/1859"}],"collection":[{"href":"https:\/\/www.elogroup.us\/newsite\/wp-json\/wp\/v2\/pages"}],"about":[{"href":"https:\/\/www.elogroup.us\/newsite\/wp-json\/wp\/v2\/types\/page"}],"author":[{"embeddable":true,"href":"https:\/\/www.elogroup.us\/newsite\/wp-json\/wp\/v2\/users\/1"}],"replies":[{"embeddable":true,"href":"https:\/\/www.elogroup.us\/newsite\/wp-json\/wp\/v2\/comments?post=1859"}],"version-history":[{"count":7,"href":"https:\/\/www.elogroup.us\/newsite\/wp-json\/wp\/v2\/pages\/1859\/revisions"}],"predecessor-version":[{"id":1930,"href":"https:\/\/www.elogroup.us\/newsite\/wp-json\/wp\/v2\/pages\/1859\/revisions\/1930"}],"wp:attachment":[{"href":"https:\/\/www.elogroup.us\/newsite\/wp-json\/wp\/v2\/media?parent=1859"}],"curies":[{"name":"wp","href":"https:\/\/api.w.org\/{rel}","templated":true}]}}