{"id":1815,"date":"2018-11-07T14:52:12","date_gmt":"2018-11-07T14:52:12","guid":{"rendered":"https:\/\/www.elogroup.us\/newsite\/?page_id=1815"},"modified":"2019-02-06T19:06:21","modified_gmt":"2019-02-06T19:06:21","slug":"kit-sua-empresa-nos-eua","status":"publish","type":"page","link":"https:\/\/www.elogroup.us\/newsite\/kit-sua-empresa-nos-eua\/","title":{"rendered":"Kit: Sua empresa nos EUA"},"content":{"rendered":"<div class=\"wpb-content-wrapper\"><p>[vc_row][vc_column width=&#8221;1\/2&#8243; css=&#8221;.vc_custom_1541602651746{padding-top: 40px !important;}&#8221;]\n        <div class=\"twt-wrap \">\n            <h1 style=\"color:#242424;font-size: 36px\">Kit: Sua empresa nos EUA<\/h1>\n            Nesse kit voc\u00ea ir\u00e1\u00a0aprender como:<\/p>\n<p><strong>COMO ABRIR SUA EMPRESA NOS EUA<\/strong><\/p>\n<ul>\n<li>O passo a passo explicado do processo de abertura de empresas.<\/li>\n<\/ul>\n<p><strong>CORP ou LLC<\/strong><\/p>\n<ul>\n<li>Entenda qual tipo de empresa pode ser melhor para voc\u00ea.<\/li>\n<\/ul>\n<p><strong>12 MANEIRAS DE ECONOMIZAR NOS IMPOSTOS<\/strong><\/p>\n<ul>\n<li>Orienta\u00e7\u00f5es para voc\u00ea poupar muitos dol\u00e1res.<\/li>\n<\/ul>\n<p>\n        <\/div>\n    [vc_raw_html]JTNDaWZyYW1lJTIwZnJhbWVib3JkZXIlM0QlMjIwJTIyJTIwc3R5bGUlM0QlMjJoZWlnaHQlM0E1MDBweCUzQndpZHRoJTNBOTklMjUlM0Jib3JkZXIlM0Fub25lJTNCJTIyJTIwc3JjJTNEJTI3aHR0cHMlM0ElMkYlMkZmb3Jtcy56b2hvcHVibGljLmNvbSUyRmVsb2dyb3VwJTJGZm9ybSUyRktpdFN1YWVtcHJlc2Fub3NFVUElMkZmb3JtcGVybWElMkZGVzhSN0ZlOXlUTWx4SzZNbGU4ZmJkZllwTjB1aUlOaDBsTHBTUWxpWC1nJTI3JTNFJTNDJTJGaWZyYW1lJTNF[\/vc_raw_html][\/vc_column][vc_column width=&#8221;1\/2&#8243;][vc_empty_space height=&#8221;52px&#8221;][vc_single_image image=&#8221;1885&#8243; img_size=&#8221;full&#8221; alignment=&#8221;center&#8221; onclick=&#8221;zoom&#8221;][\/vc_column][\/vc_row][vc_row][vc_column][\/vc_column][\/vc_row]<\/p>\n<\/div>","protected":false},"excerpt":{"rendered":"<p>[vc_row][vc_column width=&#8221;1\/2&#8243; css=&#8221;.vc_custom_1541602651746{padding-top: 40px !important;}&#8221;][vc_raw_html]JTNDaWZyYW1lJTIwZnJhbWVib3JkZXIlM0QlMjIwJTIyJTIwc3R5bGUlM0QlMjJoZWlnaHQlM0E1MDBweCUzQndpZHRoJTNBOTklMjUlM0Jib3JkZXIlM0Fub25lJTNCJTIyJTIwc3JjJTNEJTI3aHR0cHMlM0ElMkYlMkZmb3Jtcy56b2hvcHVibGljLmNvbSUyRmVsb2dyb3VwJTJGZm9ybSUyRktpdFN1YWVtcHJlc2Fub3NFVUElMkZmb3JtcGVybWElMkZGVzhSN0ZlOXlUTWx4SzZNbGU4ZmJkZllwTjB1aUlOaDBsTHBTUWxpWC1nJTI3JTNFJTNDJTJGaWZyYW1lJTNF[\/vc_raw_html][\/vc_column][vc_column width=&#8221;1\/2&#8243;][vc_empty_space height=&#8221;52px&#8221;][vc_single_image image=&#8221;1885&#8243; img_size=&#8221;full&#8221; alignment=&#8221;center&#8221; onclick=&#8221;zoom&#8221;][\/vc_column][\/vc_row][vc_row][vc_column][\/vc_column][\/vc_row]<\/p>\n","protected":false},"author":1,"featured_media":0,"parent":0,"menu_order":0,"comment_status":"closed","ping_status":"closed","template":"","meta":{"footnotes":""},"amp_enabled":true,"_links":{"self":[{"href":"https:\/\/www.elogroup.us\/newsite\/wp-json\/wp\/v2\/pages\/1815"}],"collection":[{"href":"https:\/\/www.elogroup.us\/newsite\/wp-json\/wp\/v2\/pages"}],"about":[{"href":"https:\/\/www.elogroup.us\/newsite\/wp-json\/wp\/v2\/types\/page"}],"author":[{"embeddable":true,"href":"https:\/\/www.elogroup.us\/newsite\/wp-json\/wp\/v2\/users\/1"}],"replies":[{"embeddable":true,"href":"https:\/\/www.elogroup.us\/newsite\/wp-json\/wp\/v2\/comments?post=1815"}],"version-history":[{"count":18,"href":"https:\/\/www.elogroup.us\/newsite\/wp-json\/wp\/v2\/pages\/1815\/revisions"}],"predecessor-version":[{"id":1817,"href":"https:\/\/www.elogroup.us\/newsite\/wp-json\/wp\/v2\/pages\/1815\/revisions\/1817"}],"wp:attachment":[{"href":"https:\/\/www.elogroup.us\/newsite\/wp-json\/wp\/v2\/media?parent=1815"}],"curies":[{"name":"wp","href":"https:\/\/api.w.org\/{rel}","templated":true}]}}