{"id":1679,"date":"2018-10-10T00:33:46","date_gmt":"2018-10-10T00:33:46","guid":{"rendered":"https:\/\/www.elogroup.us\/newsite\/?page_id=1679"},"modified":"2019-03-05T17:20:17","modified_gmt":"2019-03-05T17:20:17","slug":"infograficos","status":"publish","type":"page","link":"https:\/\/www.elogroup.us\/newsite\/infograficos\/","title":{"rendered":"Infogr\u00e1ficos Elo Group"},"content":{"rendered":"<div class=\"wpb-content-wrapper\"><p>[vc_row][vc_column css=&#8221;.vc_custom_1539131954892{padding-top: 50px !important;}&#8221;]\n        <div class=\"section-title-wrapper \" style=\"color: #505050\">\n            <div class=\"row text-center\">\n                <div class=\"col-xl-6 offset-xl-3 col-lg-8 offset-lg-2 col-md-10 offset-md-1\">  \n                    <h2 class=\"section-title\" style=\"color:#0a6db7\"><\/h2>\n                    <ul class=\"title-shape no-list-style text-center\">\n                        <li style=\"background: #0e5b38\"><\/li>\n                        <li style=\"background: #0e5b38\"><\/li>\n                        <li style=\"background: #0e5b38\"><\/li>\n                    <\/ul>\n                    <p>Uma forma simples e objetiva de ter acesso a informa\u00e7\u00e3o: INFOGR\u00c1FICOS.<\/p>\n\n                <\/div>\n            <\/div>   \n        <\/div>\n    [\/vc_column][\/vc_row][vc_row][vc_column width=&#8221;1\/2&#8243;][vc_cta h2=&#8221;Diferen\u00e7as entre LLC e CORP&#8221; add_button=&#8221;bottom&#8221; btn_title=&#8221;Acessar Infogr\u00e1fico&#8221; btn_style=&#8221;gradient-custom&#8221; btn_gradient_custom_color_1=&#8221;#0e5b38&#8243; btn_gradient_custom_color_2=&#8221;#0e5b38&#8243; btn_size=&#8221;lg&#8221; btn_link=&#8221;url:https%3A%2F%2Fwww.elogroup.us%2Fnewsite%2Fdiferencas-entre-llc-e-corp%2F|||&#8221;]Abertura de empresa nos EUA, quais as diferen\u00e7as entre LLC e CORP? Descubra as principais diferen\u00e7as nesse infogr\u00e1fico.<\/p>\n<p><a href=\"https:\/\/www.elogroup.us\/newsite\/diferencas-entre-llc-e-corp\/\"><img loading=\"lazy\" decoding=\"async\" class=\"alignnone wp-image-1869 size-full\" src=\"https:\/\/www.elogroup.us\/newsite\/wp-content\/uploads\/2018\/10\/abertura-empresa-nos-eua-corp-llc-infografico.png\" alt=\"abertura empresa nos eua corp llc infografico\" width=\"528\" height=\"472\" srcset=\"https:\/\/www.elogroup.us\/newsite\/wp-content\/uploads\/2018\/10\/abertura-empresa-nos-eua-corp-llc-infografico.png 528w, https:\/\/www.elogroup.us\/newsite\/wp-content\/uploads\/2018\/10\/abertura-empresa-nos-eua-corp-llc-infografico-300x268.png 300w\" sizes=\"(max-width: 528px) 100vw, 528px\" \/><\/a>[\/vc_cta][vc_cta h2=&#8221;Produtividade Baixa Brasil&#8221; add_button=&#8221;bottom&#8221; btn_title=&#8221;Acessar Infogr\u00e1fico&#8221; btn_style=&#8221;gradient-custom&#8221; btn_gradient_custom_color_1=&#8221;#0e5b38&#8243; btn_gradient_custom_color_2=&#8221;#0e5b38&#8243; btn_size=&#8221;lg&#8221; btn_link=&#8221;url:https%3A%2F%2Fwww.elogroup.us%2Fnewsite%2Fbaixa-produtividade-trabalhador-brasileiro%2F|||&#8221;]O trabalhador\u00a0brasileiro \u00e9 improdutivo? Estudos apontam que sim.<\/p>\n<p><img loading=\"lazy\" decoding=\"async\" class=\"size-full wp-image-1708\" src=\"https:\/\/www.elogroup.us\/newsite\/wp-content\/uploads\/2018\/10\/elogroup-infografico-baixaprodutividade-brasileiro.jpg\" alt=\"elogroup infografico baixa produtividade trabalhador brasileiro vs trabalhador americano nos EUA\" width=\"407\" height=\"365\" srcset=\"https:\/\/www.elogroup.us\/newsite\/wp-content\/uploads\/2018\/10\/elogroup-infografico-baixaprodutividade-brasileiro.jpg 407w, https:\/\/www.elogroup.us\/newsite\/wp-content\/uploads\/2018\/10\/elogroup-infografico-baixaprodutividade-brasileiro-300x269.jpg 300w\" sizes=\"(max-width: 407px) 100vw, 407px\" \/>[\/vc_cta][\/vc_column][vc_column width=&#8221;1\/2&#8243;][vc_cta h2=&#8221;Comparativo Visto E-2 e EB-5&#8243; add_button=&#8221;bottom&#8221; btn_title=&#8221;Acessar Infogr\u00e1fico&#8221; btn_style=&#8221;gradient-custom&#8221; btn_gradient_custom_color_1=&#8221;#0e5b38&#8243; btn_gradient_custom_color_2=&#8221;#0e5b38&#8243; btn_size=&#8221;lg&#8221; btn_link=&#8221;url:https%3A%2F%2Fwww.elogroup.us%2Fnewsite%2Finfografico-comparativo-visto-e-2-eb-5%2F|||&#8221;]Voc\u00ea tem vontade de morar nos EUA? Quer entender quais\u00a0s\u00e3o as diferen\u00e7as entre os vistos E-2 e EB-5? Esse infogr\u00e1fico pode te ajudar.<\/p>\n<p><img loading=\"lazy\" decoding=\"async\" class=\"size-full wp-image-1706\" src=\"https:\/\/www.elogroup.us\/newsite\/wp-content\/uploads\/2018\/10\/elogroup-infografico-e-2-e-eb-5.jpg\" alt=\"elogroup infografico e-2 e eb-5 compara\u00e7\u00e3o visto EUA\" width=\"603\" height=\"532\" srcset=\"https:\/\/www.elogroup.us\/newsite\/wp-content\/uploads\/2018\/10\/elogroup-infografico-e-2-e-eb-5.jpg 603w, https:\/\/www.elogroup.us\/newsite\/wp-content\/uploads\/2018\/10\/elogroup-infografico-e-2-e-eb-5-300x265.jpg 300w\" sizes=\"(max-width: 603px) 100vw, 603px\" \/>[\/vc_cta][vc_cta h2=&#8221;Elei\u00e7\u00f5es nos EUA&#8221; add_button=&#8221;bottom&#8221; btn_title=&#8221;Acessar Infogr\u00e1fico&#8221; btn_style=&#8221;gradient-custom&#8221; btn_gradient_custom_color_1=&#8221;#0e5b38&#8243; btn_gradient_custom_color_2=&#8221;#0e5b38&#8243; btn_size=&#8221;lg&#8221; btn_link=&#8221;url:http%3A%2F%2Fwww.elogroup.us%2Fnewsite%2Finfografico-como-funciona-eleicao-nos-eua%2F|||&#8221;]Entenda como funcionam as elei\u00e7\u00f5es nos Estados Unidos.<a href=\"https:\/\/www.elogroup.us\/newsite\/wp-content\/uploads\/2018\/10\/elogroup-infografico-eleicoes-nos-eua-e1542214724243.jpg\"><img loading=\"lazy\" decoding=\"async\" class=\"size-full wp-image-1707\" src=\"https:\/\/www.elogroup.us\/newsite\/wp-content\/uploads\/2018\/10\/elogroup-infografico-eleicoes-nos-eua-e1542214724243.jpg\" alt=\"elogroup infografico elei\u00e7\u00f5es nos EUA\" width=\"594\" height=\"468\" srcset=\"https:\/\/www.elogroup.us\/newsite\/wp-content\/uploads\/2018\/10\/elogroup-infografico-eleicoes-nos-eua-e1542214724243.jpg 594w, https:\/\/www.elogroup.us\/newsite\/wp-content\/uploads\/2018\/10\/elogroup-infografico-eleicoes-nos-eua-e1542214724243-300x236.jpg 300w\" sizes=\"(max-width: 594px) 100vw, 594px\" \/><\/a>[\/vc_cta][\/vc_column][\/vc_row][vc_row][vc_column width=&#8221;1\/4&#8243;][\/vc_column][vc_column width=&#8221;1\/2&#8243;][vc_cta h2=&#8221;Profiss\u00f5es Crescentes nos EUA&#8221; add_button=&#8221;bottom&#8221; btn_title=&#8221;Acessar Infogr\u00e1fico Completo&#8221; btn_style=&#8221;gradient-custom&#8221; btn_gradient_custom_color_1=&#8221;#0e5b38&#8243; btn_gradient_custom_color_2=&#8221;#0e5b38&#8243; btn_size=&#8221;lg&#8221; btn_link=&#8221;url:http%3A%2F%2Fwww.elogroup.us%2Fnewsite%2Fprofissoes-crescentes-nos-eua%2F|||&#8221;]De acordo com o <a href=\"https:\/\/www.bls.gov\/\" target=\"_blank\">US Bureau of Labor Statistics<\/a>\u00a0as algumas profiss\u00f5es ir\u00e3o naturalmente crescer mais que outras, descubra quais s\u00e3o elas nesse infogr\u00e1fico.<\/p>\n<figure id=\"attachment_1984\" aria-describedby=\"caption-attachment-1984\" style=\"width: 729px\" class=\"wp-caption alignnone\"><a href=\"https:\/\/www.elogroup.us\/newsite\/wp-content\/uploads\/2018\/10\/elogroup-profissoes-crescentes-nos-eua.png\"><img loading=\"lazy\" decoding=\"async\" class=\"size-full wp-image-1984\" src=\"https:\/\/www.elogroup.us\/newsite\/wp-content\/uploads\/2018\/10\/elogroup-profissoes-crescentes-nos-eua.png\" alt=\"elogroup profissoes crescentes nos eua\" width=\"729\" height=\"581\" srcset=\"https:\/\/www.elogroup.us\/newsite\/wp-content\/uploads\/2018\/10\/elogroup-profissoes-crescentes-nos-eua.png 729w, https:\/\/www.elogroup.us\/newsite\/wp-content\/uploads\/2018\/10\/elogroup-profissoes-crescentes-nos-eua-300x239.png 300w\" sizes=\"(max-width: 729px) 100vw, 729px\" \/><\/a><figcaption id=\"caption-attachment-1984\" class=\"wp-caption-text\">elogroup profissoes crescentes nos eua<\/figcaption><\/figure>\n<p>[\/vc_cta][\/vc_column][vc_column width=&#8221;1\/4&#8243;][\/vc_column][\/vc_row][vc_row][vc_column][vc_cta h2=&#8221;Em busca de mais mais conhecimento sobre neg\u00f3cios nos EUA?&#8221; txt_align=&#8221;center&#8221; add_button=&#8221;right&#8221; btn_title=&#8221;ACESSAR MATERIAIS EDUCATIVOS&#8221; btn_color=&#8221;danger&#8221; btn_align=&#8221;center&#8221; btn_link=&#8221;url:https%3A%2F%2Fwww.elogroup.us%2Fnewsite%2Fmateriais-educativos%2F|||&#8221;]Acesse\u00a0nossos\u00a0ebooks e planilhas.[\/vc_cta][\/vc_column][\/vc_row]<\/p>\n<\/div>","protected":false},"excerpt":{"rendered":"<p>[vc_row][vc_column css=&#8221;.vc_custom_1539131954892{padding-top: 50px !important;}&#8221;][\/vc_column][\/vc_row][vc_row][vc_column width=&#8221;1\/2&#8243;][vc_cta h2=&#8221;Diferen\u00e7as entre LLC e CORP&#8221; add_button=&#8221;bottom&#8221; btn_title=&#8221;Acessar Infogr\u00e1fico&#8221; btn_style=&#8221;gradient-custom&#8221; btn_gradient_custom_color_1=&#8221;#0e5b38&#8243; btn_gradient_custom_color_2=&#8221;#0e5b38&#8243; btn_size=&#8221;lg&#8221; btn_link=&#8221;url:https%3A%2F%2Fwww.elogroup.us%2Fnewsite%2Fdiferencas-entre-llc-e-corp%2F|||&#8221;]Abertura de empresa nos EUA, quais as diferen\u00e7as entre LLC e CORP? Descubra as principais diferen\u00e7as nesse infogr\u00e1fico. [\/vc_cta][vc_cta h2=&#8221;Produtividade Baixa Brasil&#8221; add_button=&#8221;bottom&#8221; btn_title=&#8221;Acessar Infogr\u00e1fico&#8221; btn_style=&#8221;gradient-custom&#8221; btn_gradient_custom_color_1=&#8221;#0e5b38&#8243; btn_gradient_custom_color_2=&#8221;#0e5b38&#8243; btn_size=&#8221;lg&#8221; btn_link=&#8221;url:https%3A%2F%2Fwww.elogroup.us%2Fnewsite%2Fbaixa-produtividade-trabalhador-brasileiro%2F|||&#8221;]O trabalhador\u00a0brasileiro \u00e9 improdutivo? Estudos apontam que sim. [\/vc_cta][\/vc_column][vc_column [&hellip;]<\/p>\n","protected":false},"author":1,"featured_media":0,"parent":0,"menu_order":0,"comment_status":"closed","ping_status":"closed","template":"","meta":{"footnotes":""},"amp_enabled":true,"_links":{"self":[{"href":"https:\/\/www.elogroup.us\/newsite\/wp-json\/wp\/v2\/pages\/1679"}],"collection":[{"href":"https:\/\/www.elogroup.us\/newsite\/wp-json\/wp\/v2\/pages"}],"about":[{"href":"https:\/\/www.elogroup.us\/newsite\/wp-json\/wp\/v2\/types\/page"}],"author":[{"embeddable":true,"href":"https:\/\/www.elogroup.us\/newsite\/wp-json\/wp\/v2\/users\/1"}],"replies":[{"embeddable":true,"href":"https:\/\/www.elogroup.us\/newsite\/wp-json\/wp\/v2\/comments?post=1679"}],"version-history":[{"count":20,"href":"https:\/\/www.elogroup.us\/newsite\/wp-json\/wp\/v2\/pages\/1679\/revisions"}],"predecessor-version":[{"id":1988,"href":"https:\/\/www.elogroup.us\/newsite\/wp-json\/wp\/v2\/pages\/1679\/revisions\/1988"}],"wp:attachment":[{"href":"https:\/\/www.elogroup.us\/newsite\/wp-json\/wp\/v2\/media?parent=1679"}],"curies":[{"name":"wp","href":"https:\/\/api.w.org\/{rel}","templated":true}]}}