{"id":1589,"date":"2018-10-05T19:23:19","date_gmt":"2018-10-05T19:23:19","guid":{"rendered":"https:\/\/www.elogroup.us\/newsite\/?page_id=1589"},"modified":"2019-11-05T21:45:57","modified_gmt":"2019-11-06T01:45:57","slug":"contact-elo-enterprises","status":"publish","type":"page","link":"https:\/\/www.elogroup.us\/newsite\/contact-elo-enterprises\/","title":{"rendered":"Contato Elo Enterprises"},"content":{"rendered":"<div class=\"wpb-content-wrapper\"><p>[vc_row css=&#8221;.vc_custom_1539380540970{padding-top: 20px !important;}&#8221;][vc_column]\n        <div class=\"section-title-wrapper \" style=\"color: #505050\">\n            <div class=\"row text-center\">\n                <div class=\"col-xl-6 offset-xl-3 col-lg-8 offset-lg-2 col-md-10 offset-md-1\">  \n                    <h2 class=\"section-title\" style=\"color:#0a6db7\">Mantenha Contato<\/h2>\n                    <ul class=\"title-shape no-list-style text-center\">\n                        <li style=\"background: #0e5b38\"><\/li>\n                        <li style=\"background: #0e5b38\"><\/li>\n                        <li style=\"background: #0e5b38\"><\/li>\n                    <\/ul>\n                    <p>Estamos a disposi\u00e7\u00e3o para esclarecer suas d\u00favidas. Deixa sua mensagem .<\/p>\n\n                <\/div>\n            <\/div>   \n        <\/div>\n    [vc_row_inner css=&#8221;.vc_custom_1530364944779{padding-bottom: 100px !important;}&#8221;][vc_column_inner width=&#8221;5\/12&#8243;]\n        <div class=\"contact-info-box \" style=\"background-color: #0e5b38\">\n            <div class=\"contact-info-content\" style=\"color: #ebebeb\">\n                <ul class=\"no-list-style\"><li><i style=\"color: #ffffff\" class=\"flaticon-xzopro-placeholder\"><\/i> <span  style=\"color: #ffffff\">Endere\u00e7o : <\/span><p>4700 NW Boca Raton Blvd #202, Boca Raton FL 33431<\/p>\n<\/li><li><i style=\"color: #ffffff\" class=\"flaticon-xzopro-phone-call\"><\/i> <span  style=\"color: #ffffff\">Telefone : <\/span><p>+1 (561) 544-8862<\/p>\n<\/li><li><i style=\"color: #ffffff\" class=\"flaticon-xzopro-email\"><\/i> <span  style=\"color: #ffffff\">Nosso e-mail : <\/span><p>contact@eloenterprises.us<\/p>\n<\/li><li><i style=\"color: #ffffff\" class=\"flaticon-xzopro-clock-2\"><\/i> <span  style=\"color: #ffffff\">Hor\u00e1rio de Funcionamento : <\/span><p>Seg - Sex: 09:00 hs at\u00e9 17:00<\/p>\n<\/li>\n                <\/ul>\n            <\/div>\n        <\/div>\n    [\/vc_column_inner][vc_column_inner width=&#8221;7\/12&#8243;]<div role=\"form\" class=\"wpcf7\" id=\"wpcf7-f1395-o1\" lang=\"en-US\" dir=\"ltr\">\n<div class=\"screen-reader-response\"><\/div>\n<form action=\"\/newsite\/wp-json\/wp\/v2\/pages\/1589#wpcf7-f1395-o1\" method=\"post\" class=\"wpcf7-form\" novalidate=\"novalidate\">\n<div style=\"display: none;\">\n<input type=\"hidden\" name=\"_wpcf7\" value=\"1395\" \/>\n<input type=\"hidden\" name=\"_wpcf7_version\" value=\"5.0.4\" \/>\n<input type=\"hidden\" name=\"_wpcf7_locale\" value=\"en_US\" \/>\n<input type=\"hidden\" name=\"_wpcf7_unit_tag\" value=\"wpcf7-f1395-o1\" \/>\n<input type=\"hidden\" name=\"_wpcf7_container_post\" value=\"0\" \/>\n<\/div>\n<div class=\"xzopro-contact-form-1\">\n<div class=\"row\">\n<div class=\"col-lg-6\">\n            <span class=\"wpcf7-form-control-wrap sendername\"><input type=\"text\" name=\"sendername\" value=\"\" size=\"40\" class=\"wpcf7-form-control wpcf7-text wpcf7-validates-as-required\" aria-required=\"true\" aria-invalid=\"false\" placeholder=\"Nome*\" \/><\/span>\n        <\/div>\n<div class=\"col-lg-6\">\n            <span class=\"wpcf7-form-control-wrap senderemail\"><input type=\"email\" name=\"senderemail\" value=\"\" size=\"40\" class=\"wpcf7-form-control wpcf7-text wpcf7-email wpcf7-validates-as-required wpcf7-validates-as-email\" aria-required=\"true\" aria-invalid=\"false\" placeholder=\"E-mail*\" \/><\/span>\n        <\/div>\n<div class=\"col-lg-12\">\n            <span class=\"wpcf7-form-control-wrap sendermobile\"><input type=\"text\" name=\"sendermobile\" value=\"\" size=\"40\" class=\"wpcf7-form-control wpcf7-text wpcf7-validates-as-required\" aria-required=\"true\" aria-invalid=\"false\" placeholder=\"Telefone*\" \/><\/span>\n        <\/div>\n<div class=\"col-lg-12\">\n            <span class=\"wpcf7-form-control-wrap sendermessage\"><textarea name=\"sendermessage\" cols=\"40\" rows=\"10\" class=\"wpcf7-form-control wpcf7-textarea wpcf7-validates-as-required\" aria-required=\"true\" aria-invalid=\"false\" placeholder=\"Mensagem*\"><\/textarea><\/span>\n        <\/div>\n<div class=\"col-lg-12\">\n           <span class=\"wpcf7-form-control-wrap quiz-220\"><label><span class=\"wpcf7-quiz-label\">Quanto \u00e9 7+3?<\/span> <input type=\"text\" name=\"quiz-220\" size=\"40\" class=\"wpcf7-form-control wpcf7-quiz\" autocomplete=\"off\" aria-required=\"true\" aria-invalid=\"false\" \/><\/label><input type=\"hidden\" name=\"_wpcf7_quiz_answer_quiz-220\" value=\"5cf630ab6ec7e3a57a372b69a15b86b0\" \/><\/span>\n        <\/div>\n<div class=\"col-lg-12\">\n            <input type=\"submit\" value=\"Enviar Mensagem\" class=\"wpcf7-form-control wpcf7-submit\" \/>\n        <\/div><\/div>\n<\/div>\n<div class=\"wpcf7-response-output wpcf7-display-none\"><\/div><\/form><\/div>[\/vc_column_inner][\/vc_row_inner][\/vc_column][\/vc_row][vc_row full_width=&#8221;stretch_row_content_no_spaces&#8221;][vc_column]\n        <div class=\"xzopro-googlemap\" id=\"xzopro-googlemap241520049\" style=\"height:450px; width:100%\"><\/div>\n        <script src=\"https:\/\/maps.googleapis.com\/maps\/api\/js?key=AIzaSyDDD7T_bzxgh9KMbwTdoYdB9pk-EEANp9E\"><\/script>\n\n        <script>\n        var locations241520049 = [[\"Boca Raton\", 26.39170624,-80.08349999],];\n        var mapcenter241520049={lat:26.39170624,lng:-80.08349999};\n\n        function initialize() {\n            var xzopromap241520049 = {\n                center:mapcenter241520049,\n                zoom: 15,\n                mapTypeId:google.maps.MapTypeId.ROADMAP\n            };\n\n            var map=new google.maps.Map(document.getElementById(\"xzopro-googlemap241520049\"),xzopromap241520049);\n\n            var infowindow = new google.maps.InfoWindow();\n\n            var marker, i;\n\n            for (i = 0; i < locations241520049.length; i++){  \n                marker = new google.maps.Marker({\n                    position: new google.maps.LatLng(locations241520049[i][1], locations241520049[i][2]),\n                    icon:\"\",animation:google.maps.Animation.BOUNCE,\n                    map: map\n                });\n\n                var infowindow = new google.maps.InfoWindow({\n                  content: locations241520049[i][0],\n                  maxWidth: 160\n                });\n            }\n            marker.setMap(map);\n              \n        }\n\n        google.maps.event.addDomListener(window, \"load\", initialize); <\/script>\n    [\/vc_column][\/vc_row]<\/p>\n<\/div>","protected":false},"excerpt":{"rendered":"<p>[vc_row css=&#8221;.vc_custom_1539380540970{padding-top: 20px !important;}&#8221;][vc_column][vc_row_inner css=&#8221;.vc_custom_1530364944779{padding-bottom: 100px !important;}&#8221;][vc_column_inner width=&#8221;5\/12&#8243;][\/vc_column_inner][vc_column_inner width=&#8221;7\/12&#8243;][\/vc_column_inner][\/vc_row_inner][\/vc_column][\/vc_row][vc_row full_width=&#8221;stretch_row_content_no_spaces&#8221;][vc_column][\/vc_column][\/vc_row]<\/p>\n","protected":false},"author":1,"featured_media":0,"parent":0,"menu_order":0,"comment_status":"closed","ping_status":"closed","template":"","meta":{"footnotes":""},"amp_enabled":true,"_links":{"self":[{"href":"https:\/\/www.elogroup.us\/newsite\/wp-json\/wp\/v2\/pages\/1589"}],"collection":[{"href":"https:\/\/www.elogroup.us\/newsite\/wp-json\/wp\/v2\/pages"}],"about":[{"href":"https:\/\/www.elogroup.us\/newsite\/wp-json\/wp\/v2\/types\/page"}],"author":[{"embeddable":true,"href":"https:\/\/www.elogroup.us\/newsite\/wp-json\/wp\/v2\/users\/1"}],"replies":[{"embeddable":true,"href":"https:\/\/www.elogroup.us\/newsite\/wp-json\/wp\/v2\/comments?post=1589"}],"version-history":[{"count":8,"href":"https:\/\/www.elogroup.us\/newsite\/wp-json\/wp\/v2\/pages\/1589\/revisions"}],"predecessor-version":[{"id":2111,"href":"https:\/\/www.elogroup.us\/newsite\/wp-json\/wp\/v2\/pages\/1589\/revisions\/2111"}],"wp:attachment":[{"href":"https:\/\/www.elogroup.us\/newsite\/wp-json\/wp\/v2\/media?parent=1589"}],"curies":[{"name":"wp","href":"https:\/\/api.w.org\/{rel}","templated":true}]}}